{"id":5372,"date":"2023-02-04T13:01:22","date_gmt":"2023-02-04T12:01:22","guid":{"rendered":"https:\/\/innovaconstruction.de\/?page_id=5372"},"modified":"2023-02-04T13:01:22","modified_gmt":"2023-02-04T12:01:22","slug":"haftungsausschluss","status":"publish","type":"page","link":"https:\/\/innovaconstruction.de\/en\/haftungsausschluss\/","title":{"rendered":"Disclaimer"},"content":{"rendered":"<h1>Haftungsausschluss (Disclaimer)<\/h1>\n<h2>Liability for content<\/h2>\n<p class=\"translation-block\">As a service provider we are responsible according \u00a7 7 1 TMG for own contents on these pages under the general\nLaws. According to \u00a7\u00a7 8 to 10 TMG we are not obligated as a service provider,\nto monitor the transmitted or stored information or to investigate circumstances that on\nan illegal activity. Obligations to remove or block the use of\nInformation under the general laws remain unaffected. A liability is\nonly possible from the date of knowledge of a specific infringement. Upon notification of\nsuch violations, we will remove the content immediately.<\/p>\n<h2>Liability for links<\/h2>\n<p class=\"translation-block\">Our site contains links to external websites, over which we have no control.\nTherefore we can not accept any responsibility for their content. For the content of linked\nPages is always the provider or operator responsible. The linked sites were to\nTime of linking for possible legal violations checked. Illegal contents were at the time of\nLinking. A permanent control of the linked sites without concrete\nEvidence of a violation is not reasonable. Upon notification of violations, we will\nimmediately remove such links.<\/p>\n<h2>Copyright<\/h2>\n<p class=\"translation-block\">The content and works on these pages created by the site operators are subject to German\nCopyright. Copying, editing, distribution and any kind of exploitation outside the\nLimits of copyright require the written consent of the author or creator.\nDownloads and copies are permitted only for private, non-commercial use. So far\nthe content is not created by the website operator may observe the copyrights of others.\nIn particular contents of third parties are marked as such. Should you become aware of\nbe copyright infringement, we ask for a hint. Upon notification\nof violations, we will remove the content immediately.<\/p>","protected":false},"excerpt":{"rendered":"<p>Haftungsausschluss (Disclaimer) Haftung f\u00fcr Inhalte Als Diensteanbieter sind wir gem\u00e4\u00df \u00a7 7 Abs.1 TMG f\u00fcr eigene Inhalte auf diesen Seiten nach den allgemeinen Gesetzen verantwortlich. Nach \u00a7\u00a7 8 bis 10 TMG sind wir als Diensteanbieter jedoch nicht verpflichtet, \u00fcbermittelte oder gespeicherte fremde Informationen zu \u00fcberwachen oder nach Umst\u00e4nden zu forschen, die auf eine rechtswidrige T\u00e4tigkeit [&hellip;]<\/p>\n","protected":false},"author":1,"featured_media":0,"parent":0,"menu_order":0,"comment_status":"closed","ping_status":"closed","template":"","meta":{"footnotes":""},"class_list":["post-5372","page","type-page","status-publish","hentry"],"yoast_head":"<!-- This site is optimized with the Yoast SEO plugin v27.3 - https:\/\/yoast.com\/product\/yoast-seo-wordpress\/ -->\n<title>Haftungsausschluss - INNOVA Construction<\/title>\n<meta name=\"robots\" content=\"index, follow, max-snippet:-1, max-image-preview:large, max-video-preview:-1\" \/>\n<link rel=\"canonical\" href=\"https:\/\/innovaconstruction.de\/en\/haftungsausschluss\/\" \/>\n<meta property=\"og:locale\" content=\"en_GB\" \/>\n<meta property=\"og:type\" content=\"article\" \/>\n<meta property=\"og:title\" content=\"Haftungsausschluss - INNOVA Construction\" \/>\n<meta property=\"og:description\" content=\"Haftungsausschluss (Disclaimer) Haftung f\u00fcr Inhalte Als Diensteanbieter sind wir gem\u00e4\u00df \u00a7 7 Abs.1 TMG f\u00fcr eigene Inhalte auf diesen Seiten nach den allgemeinen Gesetzen verantwortlich. Nach \u00a7\u00a7 8 bis 10 TMG sind wir als Diensteanbieter jedoch nicht verpflichtet, \u00fcbermittelte oder gespeicherte fremde Informationen zu \u00fcberwachen oder nach Umst\u00e4nden zu forschen, die auf eine rechtswidrige T\u00e4tigkeit [&hellip;]\" \/>\n<meta property=\"og:url\" content=\"https:\/\/innovaconstruction.de\/en\/haftungsausschluss\/\" \/>\n<meta property=\"og:site_name\" content=\"INNOVA Construction\" \/>\n<meta name=\"twitter:card\" content=\"summary_large_image\" \/>\n<meta name=\"twitter:label1\" content=\"Estimated reading time\" \/>\n\t<meta name=\"twitter:data1\" content=\"2 minutes\" \/>\n<script type=\"application\/ld+json\" class=\"yoast-schema-graph\">{\"@context\":\"https:\\\/\\\/schema.org\",\"@graph\":[{\"@type\":\"WebPage\",\"@id\":\"https:\\\/\\\/innovaconstruction.de\\\/haftungsausschluss\\\/\",\"url\":\"https:\\\/\\\/innovaconstruction.de\\\/haftungsausschluss\\\/\",\"name\":\"Haftungsausschluss - INNOVA Construction\",\"isPartOf\":{\"@id\":\"https:\\\/\\\/innovaconstruction.de\\\/#website\"},\"datePublished\":\"2023-02-04T12:01:22+00:00\",\"breadcrumb\":{\"@id\":\"https:\\\/\\\/innovaconstruction.de\\\/haftungsausschluss\\\/#breadcrumb\"},\"inLanguage\":\"en-GB\",\"potentialAction\":[{\"@type\":\"ReadAction\",\"target\":[\"https:\\\/\\\/innovaconstruction.de\\\/haftungsausschluss\\\/\"]}]},{\"@type\":\"BreadcrumbList\",\"@id\":\"https:\\\/\\\/innovaconstruction.de\\\/haftungsausschluss\\\/#breadcrumb\",\"itemListElement\":[{\"@type\":\"ListItem\",\"position\":1,\"name\":\"Startseite\",\"item\":\"https:\\\/\\\/innovaconstruction.de\\\/\"},{\"@type\":\"ListItem\",\"position\":2,\"name\":\"Haftungsausschluss\"}]},{\"@type\":\"WebSite\",\"@id\":\"https:\\\/\\\/innovaconstruction.de\\\/#website\",\"url\":\"https:\\\/\\\/innovaconstruction.de\\\/\",\"name\":\"INNOVA Construction\",\"description\":\"CAD Konstruktion | FEM Animation | 2D Zeichnungen | Sondermaschinen | Lehrenbau\",\"publisher\":{\"@id\":\"https:\\\/\\\/innovaconstruction.de\\\/#organization\"},\"potentialAction\":[{\"@type\":\"SearchAction\",\"target\":{\"@type\":\"EntryPoint\",\"urlTemplate\":\"https:\\\/\\\/innovaconstruction.de\\\/?s={search_term_string}\"},\"query-input\":{\"@type\":\"PropertyValueSpecification\",\"valueRequired\":true,\"valueName\":\"search_term_string\"}}],\"inLanguage\":\"en-GB\"},{\"@type\":\"Organization\",\"@id\":\"https:\\\/\\\/innovaconstruction.de\\\/#organization\",\"name\":\"INNOVA Construction\",\"url\":\"https:\\\/\\\/innovaconstruction.de\\\/\",\"logo\":{\"@type\":\"ImageObject\",\"inLanguage\":\"en-GB\",\"@id\":\"https:\\\/\\\/innovaconstruction.de\\\/#\\\/schema\\\/logo\\\/image\\\/\",\"url\":\"https:\\\/\\\/innovaconstruction.de\\\/wp-content\\\/uploads\\\/2023\\\/02\\\/innova.123host.at-logo-innova-200.png\",\"contentUrl\":\"https:\\\/\\\/innovaconstruction.de\\\/wp-content\\\/uploads\\\/2023\\\/02\\\/innova.123host.at-logo-innova-200.png\",\"width\":200,\"height\":60,\"caption\":\"INNOVA Construction\"},\"image\":{\"@id\":\"https:\\\/\\\/innovaconstruction.de\\\/#\\\/schema\\\/logo\\\/image\\\/\"}}]}<\/script>\n<!-- \/ Yoast SEO plugin. -->","yoast_head_json":{"title":"Haftungsausschluss - INNOVA Construction","robots":{"index":"index","follow":"follow","max-snippet":"max-snippet:-1","max-image-preview":"max-image-preview:large","max-video-preview":"max-video-preview:-1"},"canonical":"https:\/\/innovaconstruction.de\/en\/haftungsausschluss\/","og_locale":"en_GB","og_type":"article","og_title":"Haftungsausschluss - INNOVA Construction","og_description":"Haftungsausschluss (Disclaimer) Haftung f\u00fcr Inhalte Als Diensteanbieter sind wir gem\u00e4\u00df \u00a7 7 Abs.1 TMG f\u00fcr eigene Inhalte auf diesen Seiten nach den allgemeinen Gesetzen verantwortlich. Nach \u00a7\u00a7 8 bis 10 TMG sind wir als Diensteanbieter jedoch nicht verpflichtet, \u00fcbermittelte oder gespeicherte fremde Informationen zu \u00fcberwachen oder nach Umst\u00e4nden zu forschen, die auf eine rechtswidrige T\u00e4tigkeit [&hellip;]","og_url":"https:\/\/innovaconstruction.de\/en\/haftungsausschluss\/","og_site_name":"INNOVA Construction","twitter_card":"summary_large_image","twitter_misc":{"Estimated reading time":"2 minutes"},"schema":{"@context":"https:\/\/schema.org","@graph":[{"@type":"WebPage","@id":"https:\/\/innovaconstruction.de\/haftungsausschluss\/","url":"https:\/\/innovaconstruction.de\/haftungsausschluss\/","name":"Haftungsausschluss - INNOVA Construction","isPartOf":{"@id":"https:\/\/innovaconstruction.de\/#website"},"datePublished":"2023-02-04T12:01:22+00:00","breadcrumb":{"@id":"https:\/\/innovaconstruction.de\/haftungsausschluss\/#breadcrumb"},"inLanguage":"en-GB","potentialAction":[{"@type":"ReadAction","target":["https:\/\/innovaconstruction.de\/haftungsausschluss\/"]}]},{"@type":"BreadcrumbList","@id":"https:\/\/innovaconstruction.de\/haftungsausschluss\/#breadcrumb","itemListElement":[{"@type":"ListItem","position":1,"name":"Startseite","item":"https:\/\/innovaconstruction.de\/"},{"@type":"ListItem","position":2,"name":"Haftungsausschluss"}]},{"@type":"WebSite","@id":"https:\/\/innovaconstruction.de\/#website","url":"https:\/\/innovaconstruction.de\/","name":"INNOVA Construction","description":"CAD Konstruktion | FEM Animation | 2D Zeichnungen | Sondermaschinen | Lehrenbau","publisher":{"@id":"https:\/\/innovaconstruction.de\/#organization"},"potentialAction":[{"@type":"SearchAction","target":{"@type":"EntryPoint","urlTemplate":"https:\/\/innovaconstruction.de\/?s={search_term_string}"},"query-input":{"@type":"PropertyValueSpecification","valueRequired":true,"valueName":"search_term_string"}}],"inLanguage":"en-GB"},{"@type":"Organization","@id":"https:\/\/innovaconstruction.de\/#organization","name":"INNOVA Construction","url":"https:\/\/innovaconstruction.de\/","logo":{"@type":"ImageObject","inLanguage":"en-GB","@id":"https:\/\/innovaconstruction.de\/#\/schema\/logo\/image\/","url":"https:\/\/innovaconstruction.de\/wp-content\/uploads\/2023\/02\/innova.123host.at-logo-innova-200.png","contentUrl":"https:\/\/innovaconstruction.de\/wp-content\/uploads\/2023\/02\/innova.123host.at-logo-innova-200.png","width":200,"height":60,"caption":"INNOVA Construction"},"image":{"@id":"https:\/\/innovaconstruction.de\/#\/schema\/logo\/image\/"}}]}},"_links":{"self":[{"href":"https:\/\/innovaconstruction.de\/en\/wp-json\/wp\/v2\/pages\/5372","targetHints":{"allow":["GET"]}}],"collection":[{"href":"https:\/\/innovaconstruction.de\/en\/wp-json\/wp\/v2\/pages"}],"about":[{"href":"https:\/\/innovaconstruction.de\/en\/wp-json\/wp\/v2\/types\/page"}],"author":[{"embeddable":true,"href":"https:\/\/innovaconstruction.de\/en\/wp-json\/wp\/v2\/users\/1"}],"replies":[{"embeddable":true,"href":"https:\/\/innovaconstruction.de\/en\/wp-json\/wp\/v2\/comments?post=5372"}],"version-history":[{"count":1,"href":"https:\/\/innovaconstruction.de\/en\/wp-json\/wp\/v2\/pages\/5372\/revisions"}],"predecessor-version":[{"id":5373,"href":"https:\/\/innovaconstruction.de\/en\/wp-json\/wp\/v2\/pages\/5372\/revisions\/5373"}],"wp:attachment":[{"href":"https:\/\/innovaconstruction.de\/en\/wp-json\/wp\/v2\/media?parent=5372"}],"curies":[{"name":"wp","href":"https:\/\/api.w.org\/{rel}","templated":true}]}}